{"id":423,"date":"2023-12-14T11:29:13","date_gmt":"2023-12-14T11:29:13","guid":{"rendered":"https:\/\/cumpleanos99.com\/?page_id=423"},"modified":"2024-10-15T18:06:56","modified_gmt":"2024-10-15T18:06:56","slug":"politica-de-cookies","status":"publish","type":"page","link":"https:\/\/www.birthday.kim\/es\/politica-de-cookies","title":{"rendered":"Pol\u00edtica de cookies"},"content":{"rendered":"\n<p><strong>&nbsp;Pol\u00edtica de cookies;<\/strong><\/p>\n\n\n\n<p>www.birthday.kim\/es or birthday.kim\/es<\/p>\n\n\n\n<p>Questo sito utilizza i cookie di Google per erogare i propri servizi, personalizzare gli annunci e analizzare il traffico. Il tuo utilizzo di questo sito \u00e8 condiviso con Google e utilizzandolo accetti l&#8217;uso dei cookie.<\/p>\n\n\n\n<p>Google tiene como objetivo proteger mejor la privacidad en l\u00ednea de los usuarios en la entrega y medici\u00f3n de anuncios digitales. Con este fin, est\u00e1 trabajando en nuevas formas de apoyar esto, aprovechando la iniciativa Private Sandbox de Chrome. Los usuarios que participan en los experimentos de recursos de Custom Sandbox de Chrome pueden ver anuncios relevantes de Google basados \u200b\u200ben temas o datos FLEDGE almacenados o compartidos con su navegador. Al medir el rendimiento de los anuncios, Google tambi\u00e9n puede usar los datos de los Informes de atribuci\u00f3n almacenados o compartidos con los navegadores de los usuarios. Obtenga m\u00e1s informaci\u00f3n sobre el Sandbox privado.<\/p>\n\n\n\n<p>\u00bfC\u00d3MO UTILIZA GOOGLE LA INFORMACI\u00d3N DE LOS SITIOS O LAS APLICACIONES QUE UTILIZAN NUESTROS SERVICIOS?<\/p>\n\n\n\n<p>Muchos sitios web y aplicaciones usan los servicios de Google para mejorar su contenido y continuar haci\u00e9ndolo disponible de forma gratuita. Cuando estos sitios y aplicaciones integran nuestros servicios, comparten informaci\u00f3n con Google.<\/p>\n\n\n\n<p>Por ejemplo, cuando visita un sitio web que utiliza servicios de publicidad como AdSense, incluye herramientas de an\u00e1lisis como Google Analytics o presenta contenido de video de YouTube, su navegador web env\u00eda autom\u00e1ticamente cierta informaci\u00f3n a Google. Esta informaci\u00f3n incluye la URL de la p\u00e1gina que est\u00e1 visitando y su direcci\u00f3n IP. Tambi\u00e9n podemos colocar cookies en su navegador o leer las cookies existentes en su navegador. Las aplicaciones que utilizan los servicios de publicidad de Google tambi\u00e9n comparten informaci\u00f3n con Google, como el nombre de la aplicaci\u00f3n y el identificador \u00fanico para la publicidad.<\/p>\n\n\n\n<p>Google usa la informaci\u00f3n compartida por los sitios y las aplicaciones para brindar, mantener y mejorar nuestros servicios, desarrollar nuevos servicios, medir la efectividad de la publicidad, proteger contra el fraude y el abuso, y personalizar el contenido y los anuncios que ve en los sitios y las aplicaciones de Google y de nuestros socios. . Consulte nuestra Pol\u00edtica de privacidad para obtener m\u00e1s informaci\u00f3n sobre c\u00f3mo procesamos los datos para cada uno de estos fines. Consulte tambi\u00e9n nuestra p\u00e1gina de publicidad para obtener m\u00e1s informaci\u00f3n sobre los anuncios de Google, c\u00f3mo se utiliza su informaci\u00f3n en el contexto de la publicidad y durante cu\u00e1nto tiempo Google almacena esta informaci\u00f3n.<\/p>\n\n\n\n<p>Nuestra Pol\u00edtica de Privacidad explica las bases legales sobre las cuales Google est\u00e1 procesando su informaci\u00f3n. Por ejemplo, podemos procesar su informaci\u00f3n con su consentimiento o usarla para intereses leg\u00edtimos, como proporcionar, mantener y mejorar nuestros servicios para satisfacer las necesidades de nuestros usuarios.<\/p>\n\n\n\n<p>A veces, al procesar la informaci\u00f3n que los sitios y las aplicaciones comparten con nosotros, los sitios y las aplicaciones requieren su consentimiento antes de permitir que Google procese su informaci\u00f3n. Por ejemplo, un sitio puede mostrar un banner pidi\u00e9ndole que permita que Google procese la informaci\u00f3n que recopila. En tal caso, cumpliremos con los fines especificados en el permiso que le otorga al sitio o la aplicaci\u00f3n, en lugar de cumplir con los fundamentos legales descritos en la Pol\u00edtica de privacidad de Google. Si desea cambiar o retirar el permiso que ha otorgado, debe visitar el sitio o la aplicaci\u00f3n correspondiente para hacerlo.<\/p>\n\n\n\n<p>Personalizaci\u00f3n de anuncios<\/p>\n\n\n\n<p>Si la configuraci\u00f3n de personalizaci\u00f3n de anuncios est\u00e1 activada, Google usa su informaci\u00f3n para mostrarle anuncios m\u00e1s \u00fatiles. Por ejemplo, un sitio web que vende bicicletas de monta\u00f1a podr\u00eda estar utilizando los servicios publicitarios de Google. Despu\u00e9s de visitar este sitio, es posible que vea un anuncio de bicicletas de monta\u00f1a cuando visite un sitio diferente que muestre anuncios publicados por Google.<\/p>\n\n\n\n<p>Si la configuraci\u00f3n de personalizaci\u00f3n de anuncios est\u00e1 desactivada, Google no recopilar\u00e1 ni utilizar\u00e1 su informaci\u00f3n para crear un perfil de anuncios ni personalizar los anuncios que Google le muestra. Seguir\u00e1 viendo anuncios, pero es posible que no le resulten tan \u00fatiles. Es posible que a\u00fan se muestren anuncios seg\u00fan el tema del sitio web o la aplicaci\u00f3n que est\u00e9 viendo, sus t\u00e9rminos de b\u00fasqueda actuales o su ubicaci\u00f3n general, pero sus intereses, historial de b\u00fasqueda o historial de navegaci\u00f3n no se tienen en cuenta al mostrar anuncios. Su informaci\u00f3n puede seguir utiliz\u00e1ndose para otros fines mencionados anteriormente (como medir la eficacia de la publicidad y protegerse contra el fraude y el abuso).<\/p>\n\n\n\n<p>Cuando interact\u00faa con un sitio web o una aplicaci\u00f3n que utiliza los servicios de Google, es posible que se le solicite que elija si desea ver anuncios personalizados de proveedores de anuncios como Google. Independientemente de su elecci\u00f3n, Google no personalizar\u00e1 los anuncios que se le muestran si su configuraci\u00f3n de personalizaci\u00f3n de anuncios est\u00e1 desactivada o si su cuenta no es elegible para anuncios personalizados.<\/p>\n\n\n\n<p>Puede ver y controlar la informaci\u00f3n que usamos para mostrarle anuncios visitando la configuraci\u00f3n de anuncios.<\/p>\n\n\n\n<p>\u00bfC\u00f3mo puedes controlar la informaci\u00f3n que Google recopila en estos sitios y aplicaciones?<\/p>\n\n\n\n<p>Compartido por su dispositivo cuando visita o interact\u00faa con sitios y aplicaciones que utilizan los servicios de Google.<\/p>\n\n\n\n<p>Per una spiegazione dettagliata della Cookie Policy<strong>&nbsp;<a href=\"https:\/\/www.blogger.com\/blog\/page\/edit\/6258924227357060840\/6795832653758048009#\">https:\/\/policies.google.com\/technologies\/partner-sites<\/a><\/strong><\/p>\n","protected":false},"excerpt":{"rendered":"<p>&nbsp;Pol\u00edtica de cookies; www.birthday.kim\/es or birthday.kim\/es Questo sito utilizza i cookie di Google per erogare i propri servizi, personalizzare gli annunci e analizzare il traffico. Il tuo utilizzo di questo sito \u00e8 condiviso con Google e utilizzandolo accetti l&#8217;uso dei cookie. Google tiene como objetivo proteger mejor la privacidad en l\u00ednea de los usuarios en [&hellip;]<\/p>\n","protected":false},"author":1,"featured_media":0,"parent":0,"menu_order":0,"comment_status":"closed","ping_status":"closed","template":"","meta":{"footnotes":""},"class_list":["post-423","page","type-page","status-publish","hentry"],"aioseo_notices":[],"_links":{"self":[{"href":"https:\/\/www.birthday.kim\/es\/wp-json\/wp\/v2\/pages\/423","targetHints":{"allow":["GET"]}}],"collection":[{"href":"https:\/\/www.birthday.kim\/es\/wp-json\/wp\/v2\/pages"}],"about":[{"href":"https:\/\/www.birthday.kim\/es\/wp-json\/wp\/v2\/types\/page"}],"author":[{"embeddable":true,"href":"https:\/\/www.birthday.kim\/es\/wp-json\/wp\/v2\/users\/1"}],"replies":[{"embeddable":true,"href":"https:\/\/www.birthday.kim\/es\/wp-json\/wp\/v2\/comments?post=423"}],"version-history":[{"count":1,"href":"https:\/\/www.birthday.kim\/es\/wp-json\/wp\/v2\/pages\/423\/revisions"}],"predecessor-version":[{"id":5425,"href":"https:\/\/www.birthday.kim\/es\/wp-json\/wp\/v2\/pages\/423\/revisions\/5425"}],"wp:attachment":[{"href":"https:\/\/www.birthday.kim\/es\/wp-json\/wp\/v2\/media?parent=423"}],"curies":[{"name":"wp","href":"https:\/\/api.w.org\/{rel}","templated":true}]}}