{"id":426,"date":"2023-12-14T11:29:51","date_gmt":"2023-12-14T11:29:51","guid":{"rendered":"https:\/\/cumpleanos99.com\/?page_id=426"},"modified":"2024-11-02T13:14:53","modified_gmt":"2024-11-02T13:14:53","slug":"politica-de-privacidad","status":"publish","type":"page","link":"https:\/\/www.birthday.kim\/es\/politica-de-privacidad","title":{"rendered":"Pol\u00edtica de Privacidad"},"content":{"rendered":"\n<p>Por favor, lea las siguientes condiciones generales antes de comenzar a hacer uso de este Sitio. Su utilizaci\u00f3n significar\u00e1 la aceptaci\u00f3n de todas las condiciones detalladas.<\/p>\n\n\n\n<p>1. Aviso legal.<\/p>\n\n\n\n<p>1.1. www.birthday.kim\/es se libera expresamente de toda responsabilidad legal por cualquier da\u00f1o, p\u00e9rdida o lesi\u00f3n como resultado de las actividades de cualquier visitante del Sitio y el uso que se le pueda dar a su contenido.<\/p>\n\n\n\n<p>1.2. www.birthday.kim\/es no es responsable por lo que Vd. pudiera hacer con la informaci\u00f3n y links de este Sitio.<\/p>\n\n\n\n<p>1.3. www.birthday.kim\/es&nbsp;contiene enlaces externos a otras p\u00e1ginas y no se hace responsable de los contenidos que all\u00ed hubiere ni de sus pr\u00e1cticas en lo que refiere a la privacidad.<\/p>\n\n\n\n<p>1.4. www.birthday.kim\/es&nbsp;no se hace responsable por la interpretaci\u00f3n de la informaci\u00f3n expuesta en el Sitio.<\/p>\n\n\n\n<p>1.5. www.birthday.kim\/es&nbsp;se reserva el derecho de aceptar o eliminar cualquier tipo de comentario publicado en el Sitio, no haci\u00e9ndose responsable en ning\u00fan caso de los comentarios que en \u00e9l puedan dejar los usuarios.<\/p>\n\n\n\n<p>1.6. Vd. reconoce haber le\u00eddo las presentes condiciones de uso general, dando conformidad a las mismas en todos sus t\u00e9rminos y condiciones. Vd. se compromete a no utilizar el Sitio para fines ilegales, no autorizados y\/o que desvirt\u00faen los enunciados de las presentes condiciones.<\/p>\n\n\n\n<p>2. Pol\u00edtica de Privacidad.<\/p>\n\n\n\n<p>En www.birthday.kim\/es\u00a0sabemos que la privacidad de nuestros lectores\/usuarios\/anunciantes es importante, por lo que la \u00bbPol\u00edtica de Privacidad\u00bb de birthday.kim\/es se utiliza para que los lectores\/usuarios\/anunciantes del sitio conozcan como recogemos, guardamos o utilizamos la informaci\u00f3n que recabamos a trav\u00e9s de los diferentes servicios que se ofrecen y\/o p\u00e1ginas disponibles en este sitio.<\/p>\n\n\n\n<p>Por favor, lea el siguiente documento para conocer mejor c\u00f3mo manejamos la informaci\u00f3n, incluido qu\u00e9 tipo de datos recabamos, c\u00f3mo los usamos y con qu\u00e9 fin, a qui\u00e9n se los facilitamos y qu\u00e9 hacemos para proteger su informaci\u00f3n personal. Recomendamos tambi\u00e9n tener presente las&nbsp;Pol\u00edticas de Privacidad de Google, ya que indirectamente el acceso a www.birthday.kim\/es&nbsp;implica la aceptaci\u00f3n de las mismas, en todos sus t\u00e9rminos y condiciones.<\/p>\n\n\n\n<p>2.1. Los usuarios aceptan y reconocen que la publicidad brindada por los anunciantes de www.birthday.kim\/es&nbsp;puede conllevar la utilizaci\u00f3n de Cookies y Web Beacons para obtener informaci\u00f3n, tanto en el sitio www.birthday.kim\/es&nbsp;, como en los sitios de los respectivos anunciantes.<\/p>\n\n\n\n<p>2.2. COOKIES, WEB BEACONS COOKIE DART Y OTRAS TECNOLOG\u00cdAS:<\/p>\n\n\n\n<p>Como es pr\u00e1ctica habitual en muchos sitios web, www.birthday.kim\/es&nbsp;utiliza \u00bbcookies\u00bb y otras tecnolog\u00edas para ayudar a comprender qu\u00e9 partes de nuestros sitios web tienen m\u00e1s aceptaci\u00f3n, d\u00f3nde van nuestros visitantes y cu\u00e1nto tiempo pasan all\u00ed.<\/p>\n\n\n\n<p>Tambi\u00e9n utilizamos cookies y otras tecnolog\u00edas para asegurarnos que la publicidad de nuestros anunciantes en Internet, hace llegar productos y servicios cumpliendo lo exigido por Google en sus&nbsp;Pol\u00edticas del Programa Adsense. Empleamos cookies y otras tecnolog\u00edas para estudiar pautas de tr\u00e1fico en nuestro sitio web, de forma que sus visitas sean a\u00fan m\u00e1s gratificantes.<\/p>\n\n\n\n<p><br>www.birthday.kim\/es&nbsp;tambi\u00e9n puede utilizar cookies para registrar sus visitas a nuestro sitio Web. Podemos recopilar informaci\u00f3n, incluida la direcci\u00f3n IP, como identificaci\u00f3n personal. Sin embargo, esta informaci\u00f3n s\u00f3lo se utilizar\u00e1 para fines anal\u00edticos y se restringir\u00e1 al m\u00ednimo necesario para llevar a cabo el an\u00e1lisis.<\/p>\n\n\n\n<p>Si no desea que www.birthday.kim\/es&nbsp;despliegue cookies en su navegador, puede configurarlo para que rechace las cookies o para que le informe cu\u00e1ndo un sitio Web intenta colocar una cookie en el software del navegador.<\/p>\n\n\n\n<p>Nuestra pagina de <a href=\"https:\/\/www.birthday.kim\/es\/contacto\" title=\"\">contacto<\/a><\/p>\n","protected":false},"excerpt":{"rendered":"<p>Por favor, lea las siguientes condiciones generales antes de comenzar a hacer uso de este Sitio. Su utilizaci\u00f3n significar\u00e1 la aceptaci\u00f3n de todas las condiciones detalladas. 1. Aviso legal. 1.1. www.birthday.kim\/es se libera expresamente de toda responsabilidad legal por cualquier da\u00f1o, p\u00e9rdida o lesi\u00f3n como resultado de las actividades de cualquier visitante del Sitio y [&hellip;]<\/p>\n","protected":false},"author":1,"featured_media":0,"parent":0,"menu_order":0,"comment_status":"closed","ping_status":"closed","template":"","meta":{"footnotes":""},"class_list":["post-426","page","type-page","status-publish","hentry"],"aioseo_notices":[],"_links":{"self":[{"href":"https:\/\/www.birthday.kim\/es\/wp-json\/wp\/v2\/pages\/426","targetHints":{"allow":["GET"]}}],"collection":[{"href":"https:\/\/www.birthday.kim\/es\/wp-json\/wp\/v2\/pages"}],"about":[{"href":"https:\/\/www.birthday.kim\/es\/wp-json\/wp\/v2\/types\/page"}],"author":[{"embeddable":true,"href":"https:\/\/www.birthday.kim\/es\/wp-json\/wp\/v2\/users\/1"}],"replies":[{"embeddable":true,"href":"https:\/\/www.birthday.kim\/es\/wp-json\/wp\/v2\/comments?post=426"}],"version-history":[{"count":8,"href":"https:\/\/www.birthday.kim\/es\/wp-json\/wp\/v2\/pages\/426\/revisions"}],"predecessor-version":[{"id":5724,"href":"https:\/\/www.birthday.kim\/es\/wp-json\/wp\/v2\/pages\/426\/revisions\/5724"}],"wp:attachment":[{"href":"https:\/\/www.birthday.kim\/es\/wp-json\/wp\/v2\/media?parent=426"}],"curies":[{"name":"wp","href":"https:\/\/api.w.org\/{rel}","templated":true}]}}