{"id":428,"date":"2023-12-14T11:30:36","date_gmt":"2023-12-14T11:30:36","guid":{"rendered":"https:\/\/cumpleanos99.com\/?page_id=428"},"modified":"2025-03-04T19:50:35","modified_gmt":"2025-03-04T19:50:35","slug":"contacto","status":"publish","type":"page","link":"https:\/\/www.birthday.kim\/es\/contacto","title":{"rendered":"Contacto"},"content":{"rendered":"\n<p>Esta es la pagina de contacto de https:\/\/www.birthday.kim\/es&nbsp;cualquier duda o sugerencia, ser\u00e1 bien recibida. <\/p>\n\n\n\n<p>Si desea contactar con nosotros: nuestra direcci\u00f3n de correo electr\u00f3nico: <\/p>\n\n\n\n<p>Eposta: contact@birthday.kim<\/p>\n\n\n\n<p><br><\/p>\n\n\n\n<div class=\"wp-block-comments\">\n\n\t<div id=\"respond\" class=\"comment-respond wp-block-post-comments-form\">\n\t\t<h3 id=\"reply-title\" class=\"comment-reply-title\">Deja una respuesta <small><a rel=\"nofollow\" id=\"cancel-comment-reply-link\" href=\"\/es\/wp-json\/wp\/v2\/pages\/428#respond\" style=\"display:none;\">Cancelar la respuesta<\/a><\/small><\/h3><p class=\"must-log-in\">Lo siento, debes estar <a href=\"https:\/\/www.birthday.kim\/es\/wp-login.php?redirect_to=https%3A%2F%2Fwww.birthday.kim%2Fes%2Fcontacto\">conectado<\/a> para publicar un comentario.<\/p>\t<\/div><!-- #respond -->\n\t<\/div>\n","protected":false},"excerpt":{"rendered":"<p>Esta es la pagina de contacto de https:\/\/www.birthday.kim\/es&nbsp;cualquier duda o sugerencia, ser\u00e1 bien recibida. Si desea contactar con nosotros: nuestra direcci\u00f3n de correo electr\u00f3nico: Eposta: contact@birthday.kim<\/p>\n","protected":false},"author":1,"featured_media":0,"parent":0,"menu_order":0,"comment_status":"open","ping_status":"closed","template":"","meta":{"footnotes":""},"class_list":["post-428","page","type-page","status-publish","hentry"],"aioseo_notices":[],"_links":{"self":[{"href":"https:\/\/www.birthday.kim\/es\/wp-json\/wp\/v2\/pages\/428","targetHints":{"allow":["GET"]}}],"collection":[{"href":"https:\/\/www.birthday.kim\/es\/wp-json\/wp\/v2\/pages"}],"about":[{"href":"https:\/\/www.birthday.kim\/es\/wp-json\/wp\/v2\/types\/page"}],"author":[{"embeddable":true,"href":"https:\/\/www.birthday.kim\/es\/wp-json\/wp\/v2\/users\/1"}],"replies":[{"embeddable":true,"href":"https:\/\/www.birthday.kim\/es\/wp-json\/wp\/v2\/comments?post=428"}],"version-history":[{"count":4,"href":"https:\/\/www.birthday.kim\/es\/wp-json\/wp\/v2\/pages\/428\/revisions"}],"predecessor-version":[{"id":5861,"href":"https:\/\/www.birthday.kim\/es\/wp-json\/wp\/v2\/pages\/428\/revisions\/5861"}],"wp:attachment":[{"href":"https:\/\/www.birthday.kim\/es\/wp-json\/wp\/v2\/media?parent=428"}],"curies":[{"name":"wp","href":"https:\/\/api.w.org\/{rel}","templated":true}]}}